{"id":889,"date":"2021-09-26T20:35:14","date_gmt":"2021-09-26T20:35:14","guid":{"rendered":"https:\/\/intermarbr.com.br\/?page_id=889"},"modified":"2021-12-23T15:19:36","modified_gmt":"2021-12-23T15:19:36","slug":"diferencial","status":"publish","type":"page","link":"https:\/\/intermarbr.com.br\/en\/diferencial\/","title":{"rendered":"Differential"},"content":{"rendered":"<div id=\"pl-889\"  class=\"panel-layout\" ><div id=\"pg-889-0\"  class=\"panel-grid panel-has-style\" ><div class=\"siteorigin-panels-stretch panel-row-style panel-row-style-for-889-0\" data-stretch-type=\"full-stretched\" ><div id=\"pgc-889-0-0\"  class=\"panel-grid-cell\" ><div id=\"panel-889-0-0-0\" class=\"so-panel widget widget_sow-hero panel-first-child panel-last-child\" data-index=\"0\" ><div\n\t\t\t\n\t\t\tclass=\"so-widget-sow-hero so-widget-sow-hero-default-2fce26a41455-889 so-widget-fittext-wrapper\"\n\t\t\t data-fit-text-compressor=\"0.85\"\n\t\t>\t\t\t\t<div class=\"sow-slider-base\" style=\"display: none\" tabindex=\"0\">\n\t\t\t\t\t<ul\n\t\t\t\t\tclass=\"sow-slider-images\"\n\t\t\t\t\tdata-settings=\"{&quot;pagination&quot;:true,&quot;speed&quot;:800,&quot;timeout&quot;:8000,&quot;paused&quot;:false,&quot;pause_on_hover&quot;:false,&quot;swipe&quot;:true,&quot;nav_always_show_desktop&quot;:&quot;&quot;,&quot;nav_always_show_mobile&quot;:&quot;&quot;,&quot;breakpoint&quot;:&quot;780px&quot;,&quot;unmute&quot;:false,&quot;anchor&quot;:null}\"\n\t\t\t\t\tstyle=\"min-height: 400px\"\t\t\t\t\tdata-anchor-id=\"\"\n\t\t\t\t>\t\t<li class=\"sow-slider-image  sow-slider-image-cover\" style=\"visibility: visible;;background-color: #333333;background-image: url(https:\/\/intermarbr.com.br\/wp-content\/uploads\/2021\/10\/E10.jpg)\" >\n\t\t\t\t\t<div class=\"sow-slider-image-container\">\n\t\t\t<div class=\"sow-slider-image-wrapper\">\n\t\t\t\t<br \/><br \/><br \/><br \/><br \/><h4 style=\"text-align: center\"><a href=\"https:\/\/intermarbr.com.br\/en\/diferencial\/\"><span style=\"color: #0087cb\">INTERMAR AND YOU: TOGETHER WE CAN<\/span><\/a><\/h4>\t\t\t<\/div>\n\t\t<\/div>\n\t\t\t\t<\/li>\n\t\t<\/ul>\t\t\t\t<ol class=\"sow-slider-pagination\">\n\t\t\t\t\t\t\t\t\t\t\t<li><a href=\"#\" data-goto=\"0\" aria-label=\"Display slide 1\"><\/a><\/li>\n\t\t\t\t\t\t\t\t\t<\/ol>\n\n\t\t\t\t<div class=\"sow-slide-nav sow-slide-nav-next\">\n\t\t\t\t\t<a href=\"#\" data-goto=\"next\" aria-label=\"Next slide\" data-action=\"next\">\n\t\t\t\t\t\t<em class=\"sow-sld-icon-thin-right\"><\/em>\n\t\t\t\t\t<\/a>\n\t\t\t\t<\/div>\n\n\t\t\t\t<div class=\"sow-slide-nav sow-slide-nav-prev\">\n\t\t\t\t\t<a href=\"#\" data-goto=\"previous\" aria-label=\"Previous slide\" data-action=\"prev\">\n\t\t\t\t\t\t<em class=\"sow-sld-icon-thin-left\"><\/em>\n\t\t\t\t\t<\/a>\n\t\t\t\t<\/div>\n\t\t\t\t<\/div><\/div><\/div><\/div><\/div><\/div><div id=\"pg-889-1\"  class=\"panel-grid panel-has-style\" ><div class=\"panel-row-style panel-row-style-for-889-1\" ><div id=\"pgc-889-1-0\"  class=\"panel-grid-cell\" ><div id=\"panel-889-1-0-0\" class=\"so-panel widget widget_sow-editor panel-first-child panel-last-child\" data-index=\"1\" ><div\n\t\t\t\n\t\t\tclass=\"so-widget-sow-editor so-widget-sow-editor-base\"\n\t\t\t\n\t\t>\n<div class=\"siteorigin-widget-tinymce textwidget\">\n\t<p>Our differential is the interpersonal relationship, the ability to plan and execute the activities in a safe, synergistic, smooth and effective way, to achieve the mutual success of operations, as in a commercial game of null sums in which both sides are winners.<\/p>\n<\/div>\n<\/div><\/div><\/div><\/div><\/div><\/div>","protected":false},"excerpt":{"rendered":"<p>Nosso diferencial \u00e9 o relacionamento interpessoal, a capacidade de planejar e executar as atividades de forma segura, sin\u00e9rgica, leve e [&hellip;]<\/p>\n","protected":false},"author":1,"featured_media":0,"parent":0,"menu_order":0,"comment_status":"closed","ping_status":"closed","template":"page-templates\/full-width.php","meta":{"footnotes":""},"class_list":["post-889","page","type-page","status-publish","hentry"],"yoast_head":"<!-- This site is optimized with the Yoast SEO plugin v27.4 - https:\/\/yoast.com\/product\/yoast-seo-wordpress\/ -->\n<title>Diferencial - Intermar<\/title>\n<meta name=\"description\" content=\"INTERMAR E VOC\u00ca: JUNTOS PODEMOS planejar e executar as atividades de forma segura, sin\u00e9rgica, leve e eficaz, para chegar ao sucesso m\u00fatuo das opera\u00e7\u00f5es\" \/>\n<meta name=\"robots\" content=\"index, follow, max-snippet:-1, max-image-preview:large, max-video-preview:-1\" \/>\n<link rel=\"canonical\" href=\"https:\/\/intermarbr.com.br\/en\/diferencial\/\" \/>\n<meta property=\"og:locale\" content=\"en_US\" \/>\n<meta property=\"og:type\" content=\"article\" \/>\n<meta property=\"og:title\" content=\"Diferencial - Intermar\" \/>\n<meta property=\"og:description\" content=\"INTERMAR E VOC\u00ca: JUNTOS PODEMOS planejar e executar as atividades de forma segura, sin\u00e9rgica, leve e eficaz, para chegar ao sucesso m\u00fatuo das opera\u00e7\u00f5es\" \/>\n<meta property=\"og:url\" content=\"https:\/\/intermarbr.com.br\/en\/diferencial\/\" \/>\n<meta property=\"og:site_name\" content=\"Intermar\" \/>\n<meta property=\"article:modified_time\" content=\"2021-12-23T15:19:36+00:00\" \/>\n<meta name=\"twitter:card\" content=\"summary_large_image\" \/>\n<meta name=\"twitter:label1\" content=\"Est. reading time\" \/>\n\t<meta name=\"twitter:data1\" content=\"1 minute\" \/>\n<script type=\"application\/ld+json\" class=\"yoast-schema-graph\">{\"@context\":\"https:\\\/\\\/schema.org\",\"@graph\":[{\"@type\":\"WebPage\",\"@id\":\"https:\\\/\\\/intermarbr.com.br\\\/diferencial\\\/\",\"url\":\"https:\\\/\\\/intermarbr.com.br\\\/diferencial\\\/\",\"name\":\"Diferencial - Intermar\",\"isPartOf\":{\"@id\":\"https:\\\/\\\/intermarbr.com.br\\\/#website\"},\"datePublished\":\"2021-09-26T20:35:14+00:00\",\"dateModified\":\"2021-12-23T15:19:36+00:00\",\"description\":\"INTERMAR E VOC\u00ca: JUNTOS PODEMOS planejar e executar as atividades de forma segura, sin\u00e9rgica, leve e eficaz, para chegar ao sucesso m\u00fatuo das opera\u00e7\u00f5es\",\"breadcrumb\":{\"@id\":\"https:\\\/\\\/intermarbr.com.br\\\/diferencial\\\/#breadcrumb\"},\"inLanguage\":\"en-US\",\"potentialAction\":[{\"@type\":\"ReadAction\",\"target\":[\"https:\\\/\\\/intermarbr.com.br\\\/diferencial\\\/\"]}]},{\"@type\":\"BreadcrumbList\",\"@id\":\"https:\\\/\\\/intermarbr.com.br\\\/diferencial\\\/#breadcrumb\",\"itemListElement\":[{\"@type\":\"ListItem\",\"position\":1,\"name\":\"In\u00edcio\",\"item\":\"https:\\\/\\\/intermarbr.com.br\\\/\"},{\"@type\":\"ListItem\",\"position\":2,\"name\":\"Diferencial\"}]},{\"@type\":\"WebSite\",\"@id\":\"https:\\\/\\\/intermarbr.com.br\\\/#website\",\"url\":\"https:\\\/\\\/intermarbr.com.br\\\/\",\"name\":\"Intermar\",\"description\":\"Navega\u00e7\u00e3o comercial e offshore.\",\"publisher\":{\"@id\":\"https:\\\/\\\/intermarbr.com.br\\\/#organization\"},\"potentialAction\":[{\"@type\":\"SearchAction\",\"target\":{\"@type\":\"EntryPoint\",\"urlTemplate\":\"https:\\\/\\\/intermarbr.com.br\\\/?s={search_term_string}\"},\"query-input\":{\"@type\":\"PropertyValueSpecification\",\"valueRequired\":true,\"valueName\":\"search_term_string\"}}],\"inLanguage\":\"en-US\"},{\"@type\":\"Organization\",\"@id\":\"https:\\\/\\\/intermarbr.com.br\\\/#organization\",\"name\":\"IntermarBr\",\"url\":\"https:\\\/\\\/intermarbr.com.br\\\/\",\"logo\":{\"@type\":\"ImageObject\",\"inLanguage\":\"en-US\",\"@id\":\"https:\\\/\\\/intermarbr.com.br\\\/#\\\/schema\\\/logo\\\/image\\\/\",\"url\":\"https:\\\/\\\/intermarbr.com.br\\\/wp-content\\\/uploads\\\/2021\\\/11\\\/logoteam.png\",\"contentUrl\":\"https:\\\/\\\/intermarbr.com.br\\\/wp-content\\\/uploads\\\/2021\\\/11\\\/logoteam.png\",\"width\":373,\"height\":320,\"caption\":\"IntermarBr\"},\"image\":{\"@id\":\"https:\\\/\\\/intermarbr.com.br\\\/#\\\/schema\\\/logo\\\/image\\\/\"}}]}<\/script>\n<!-- \/ Yoast SEO plugin. -->","yoast_head_json":{"title":"Diferencial - Intermar","description":"INTERMAR E VOC\u00ca: JUNTOS PODEMOS planejar e executar as atividades de forma segura, sin\u00e9rgica, leve e eficaz, para chegar ao sucesso m\u00fatuo das opera\u00e7\u00f5es","robots":{"index":"index","follow":"follow","max-snippet":"max-snippet:-1","max-image-preview":"max-image-preview:large","max-video-preview":"max-video-preview:-1"},"canonical":"https:\/\/intermarbr.com.br\/en\/diferencial\/","og_locale":"en_US","og_type":"article","og_title":"Diferencial - Intermar","og_description":"INTERMAR E VOC\u00ca: JUNTOS PODEMOS planejar e executar as atividades de forma segura, sin\u00e9rgica, leve e eficaz, para chegar ao sucesso m\u00fatuo das opera\u00e7\u00f5es","og_url":"https:\/\/intermarbr.com.br\/en\/diferencial\/","og_site_name":"Intermar","article_modified_time":"2021-12-23T15:19:36+00:00","twitter_card":"summary_large_image","twitter_misc":{"Est. reading time":"1 minute"},"schema":{"@context":"https:\/\/schema.org","@graph":[{"@type":"WebPage","@id":"https:\/\/intermarbr.com.br\/diferencial\/","url":"https:\/\/intermarbr.com.br\/diferencial\/","name":"Diferencial - Intermar","isPartOf":{"@id":"https:\/\/intermarbr.com.br\/#website"},"datePublished":"2021-09-26T20:35:14+00:00","dateModified":"2021-12-23T15:19:36+00:00","description":"INTERMAR E VOC\u00ca: JUNTOS PODEMOS planejar e executar as atividades de forma segura, sin\u00e9rgica, leve e eficaz, para chegar ao sucesso m\u00fatuo das opera\u00e7\u00f5es","breadcrumb":{"@id":"https:\/\/intermarbr.com.br\/diferencial\/#breadcrumb"},"inLanguage":"en-US","potentialAction":[{"@type":"ReadAction","target":["https:\/\/intermarbr.com.br\/diferencial\/"]}]},{"@type":"BreadcrumbList","@id":"https:\/\/intermarbr.com.br\/diferencial\/#breadcrumb","itemListElement":[{"@type":"ListItem","position":1,"name":"In\u00edcio","item":"https:\/\/intermarbr.com.br\/"},{"@type":"ListItem","position":2,"name":"Diferencial"}]},{"@type":"WebSite","@id":"https:\/\/intermarbr.com.br\/#website","url":"https:\/\/intermarbr.com.br\/","name":"Intermar","description":"Navega\u00e7\u00e3o comercial e offshore.","publisher":{"@id":"https:\/\/intermarbr.com.br\/#organization"},"potentialAction":[{"@type":"SearchAction","target":{"@type":"EntryPoint","urlTemplate":"https:\/\/intermarbr.com.br\/?s={search_term_string}"},"query-input":{"@type":"PropertyValueSpecification","valueRequired":true,"valueName":"search_term_string"}}],"inLanguage":"en-US"},{"@type":"Organization","@id":"https:\/\/intermarbr.com.br\/#organization","name":"IntermarBr","url":"https:\/\/intermarbr.com.br\/","logo":{"@type":"ImageObject","inLanguage":"en-US","@id":"https:\/\/intermarbr.com.br\/#\/schema\/logo\/image\/","url":"https:\/\/intermarbr.com.br\/wp-content\/uploads\/2021\/11\/logoteam.png","contentUrl":"https:\/\/intermarbr.com.br\/wp-content\/uploads\/2021\/11\/logoteam.png","width":373,"height":320,"caption":"IntermarBr"},"image":{"@id":"https:\/\/intermarbr.com.br\/#\/schema\/logo\/image\/"}}]}},"_links":{"self":[{"href":"https:\/\/intermarbr.com.br\/en\/wp-json\/wp\/v2\/pages\/889","targetHints":{"allow":["GET"]}}],"collection":[{"href":"https:\/\/intermarbr.com.br\/en\/wp-json\/wp\/v2\/pages"}],"about":[{"href":"https:\/\/intermarbr.com.br\/en\/wp-json\/wp\/v2\/types\/page"}],"author":[{"embeddable":true,"href":"https:\/\/intermarbr.com.br\/en\/wp-json\/wp\/v2\/users\/1"}],"replies":[{"embeddable":true,"href":"https:\/\/intermarbr.com.br\/en\/wp-json\/wp\/v2\/comments?post=889"}],"version-history":[{"count":38,"href":"https:\/\/intermarbr.com.br\/en\/wp-json\/wp\/v2\/pages\/889\/revisions"}],"predecessor-version":[{"id":1929,"href":"https:\/\/intermarbr.com.br\/en\/wp-json\/wp\/v2\/pages\/889\/revisions\/1929"}],"wp:attachment":[{"href":"https:\/\/intermarbr.com.br\/en\/wp-json\/wp\/v2\/media?parent=889"}],"curies":[{"name":"wp","href":"https:\/\/api.w.org\/{rel}","templated":true}]}}