{"id":1273,"date":"2021-10-14T18:57:13","date_gmt":"2021-10-14T18:57:13","guid":{"rendered":"https:\/\/intermarbr.com.br\/?page_id=1273"},"modified":"2021-10-14T19:00:14","modified_gmt":"2021-10-14T19:00:14","slug":"blog","status":"publish","type":"page","link":"https:\/\/intermarbr.com.br\/en\/blog\/","title":{"rendered":"BLOG"},"content":{"rendered":"<div id=\"pl-1273\"  class=\"panel-layout\" ><div id=\"pg-1273-0\"  class=\"panel-grid panel-no-style\" ><div id=\"pgc-1273-0-0\"  class=\"panel-grid-cell\" ><div id=\"panel-1273-0-0-0\" class=\"so-panel widget widget_sow-post-carousel panel-first-child panel-last-child\" data-index=\"0\" ><div\n\t\t\t\n\t\t\tclass=\"so-widget-sow-post-carousel so-widget-sow-post-carousel-base-5121423eaf14-1273\"\n\t\t\t\n\t\t>\t<div\n\t\tclass=\"sow-post-carousel-wrapper sow-post-carousel-theme-base\"\n\t\tstyle=\"overflow: hidden; max-width: 100%; min-height: 300px\"\n\t>\n\t\t<div class=\"sow-carousel-title\">\n\t\t\t<div class=\"sow-carousel-navigation\">\n\t\t\t\t\t\t<a href=\"#\" class=\"sow-carousel-next\" title=\"Next\" aria-label=\"Next Posts\" role=\"button\"><\/a>\n\t\t\t\t\t\t<a href=\"#\" class=\"sow-carousel-previous\" title=\"Previous\" aria-label=\"Previous Posts\" role=\"button\"><\/a>\n\t\t\t\t\t<\/div>\n\t<\/div>\n\n<div class=\"sow-carousel-container\">\n\t\t<div class=\"sow-carousel-wrapper\"\n\t\tdata-dir=\"ltr\"\n\t\tstyle=\"opacity: 0;\"\n\t\tdata-widget=\"post\" data-fetching=\"false\" data-page=\"1\" data-ajax-url=\"https:\/\/intermarbr.com.br\/wp-admin\/admin-ajax.php?_widgets_nonce=96db8943b6\" data-item_count=\"7\" data-carousel_settings=\"{&quot;loop&quot;:true,&quot;animation&quot;:&quot;Ease&quot;,&quot;animation_speed&quot;:400,&quot;autoplay&quot;:&quot;&quot;,&quot;pauseOnHover&quot;:&quot;&quot;,&quot;autoplaySpeed&quot;:8000,&quot;item_overflow&quot;:true,&quot;autoplay_continuous_scroll&quot;:false}\" data-responsive=\"{&quot;desktop_slides_to_scroll&quot;:1,&quot;tablet_landscape_breakpoint&quot;:1366,&quot;tablet_landscape_slides_to_scroll&quot;:2,&quot;tablet_portrait_breakpoint&quot;:1025,&quot;tablet_portrait_slides_to_scroll&quot;:2,&quot;mobile_breakpoint&quot;:480,&quot;mobile_slides_to_scroll&quot;:1}\" data-variable_width=\"true\" \t>\n\t\t<div\n\t\t\tclass=\"sow-carousel-items\"\n\t\t\t\t\t>\n\t\t\t\t<div class=\"sow-carousel-item\" tabindex=\"-1\" style=\"float: left;\">\n\t\t<div class=\"sow-carousel-thumbnail\">\n\t\t\t\t\t\t\t<a\n\t\t\t\t\thref=\"https:\/\/intermarbr.com.br\/en\/2021\/12\/17\/o-que-e-um-plano-de-carga\/\"\n\t\t\t\t\t\t\t\t\t\tstyle=\"background-image: url( https:\/\/intermarbr.com.br\/wp-content\/uploads\/2021\/12\/CLIPPER-COPENHAGEN-22000-T-COILS-5000-T-PLATES-PIA-PM-SSA-MAN-R4-Model-5-pdf-300x212.jpg )\"\n\t\t\t\t\taria-labelledby=\"sow-carousel-id-1947\"\n\t\t\t\t\ttabindex=\"-1\"\n\t\t\t\t>\n\t\t\t\t\t<span class=\"overlay\"><\/span>\n\t\t\t\t<\/a>\n\t\t\t\t\t<\/div>\n\t\t<h3 class=\"sow-carousel-item-title\">\n\t\t\t<a\n\t\t\t\thref=\"https:\/\/intermarbr.com.br\/en\/2021\/12\/17\/o-que-e-um-plano-de-carga\/\"\n\t\t\t\tid=\"sow-carousel-id-1947\"\n\t\t\t\t\t\t\t\ttabindex=\"-1\"\n\t\t\t>\n\n\t\t\t\tWhat is a cargo plan?\t\t\t<\/a>\n\t\t<\/h3>\n\t<\/div>\n\t\t<div class=\"sow-carousel-item\" tabindex=\"-1\" style=\"float: left;\">\n\t\t<div class=\"sow-carousel-thumbnail\">\n\t\t\t\t\t\t\t<a\n\t\t\t\t\thref=\"https:\/\/intermarbr.com.br\/en\/2021\/10\/27\/o-que-e-um-navio-mercante\/\"\n\t\t\t\t\t\t\t\t\t\tstyle=\"background-image: url( https:\/\/intermarbr.com.br\/wp-content\/uploads\/2021\/10\/15-10-20-t028ef991v9ung7-300x178.jpg )\"\n\t\t\t\t\taria-labelledby=\"sow-carousel-id-1773\"\n\t\t\t\t\ttabindex=\"-1\"\n\t\t\t\t>\n\t\t\t\t\t<span class=\"overlay\"><\/span>\n\t\t\t\t<\/a>\n\t\t\t\t\t<\/div>\n\t\t<h3 class=\"sow-carousel-item-title\">\n\t\t\t<a\n\t\t\t\thref=\"https:\/\/intermarbr.com.br\/en\/2021\/10\/27\/o-que-e-um-navio-mercante\/\"\n\t\t\t\tid=\"sow-carousel-id-1773\"\n\t\t\t\t\t\t\t\ttabindex=\"-1\"\n\t\t\t>\n\n\t\t\t\tWhat is a merchant ship?\t\t\t<\/a>\n\t\t<\/h3>\n\t<\/div>\n\t\t<div class=\"sow-carousel-item\" tabindex=\"-1\" style=\"float: left;\">\n\t\t<div class=\"sow-carousel-thumbnail\">\n\t\t\t\t\t\t\t<a\n\t\t\t\t\thref=\"https:\/\/intermarbr.com.br\/en\/2021\/10\/27\/o-que-e-um-navio-cargueiro\/\"\n\t\t\t\t\t\t\t\t\t\tstyle=\"background-image: url( https:\/\/intermarbr.com.br\/wp-content\/uploads\/2021\/10\/BLOG-300x169.jpg )\"\n\t\t\t\t\taria-labelledby=\"sow-carousel-id-1770\"\n\t\t\t\t\ttabindex=\"-1\"\n\t\t\t\t>\n\t\t\t\t\t<span class=\"overlay\"><\/span>\n\t\t\t\t<\/a>\n\t\t\t\t\t<\/div>\n\t\t<h3 class=\"sow-carousel-item-title\">\n\t\t\t<a\n\t\t\t\thref=\"https:\/\/intermarbr.com.br\/en\/2021\/10\/27\/o-que-e-um-navio-cargueiro\/\"\n\t\t\t\tid=\"sow-carousel-id-1770\"\n\t\t\t\t\t\t\t\ttabindex=\"-1\"\n\t\t\t>\n\n\t\t\t\tWhat is a cargo ship?\t\t\t<\/a>\n\t\t<\/h3>\n\t<\/div>\n\t\t<div class=\"sow-carousel-item\" tabindex=\"-1\" style=\"float: left;\">\n\t\t<div class=\"sow-carousel-thumbnail\">\n\t\t\t\t\t\t\t<a\n\t\t\t\t\thref=\"https:\/\/intermarbr.com.br\/en\/2021\/10\/20\/o-que-e-um-rebocador-2\/\"\n\t\t\t\t\t\t\t\t\t\tstyle=\"background-image: url( https:\/\/intermarbr.com.br\/wp-content\/uploads\/2021\/11\/1-ASSISTING-ON-BERTHING-2-300x169.jpg )\"\n\t\t\t\t\taria-labelledby=\"sow-carousel-id-1916\"\n\t\t\t\t\ttabindex=\"-1\"\n\t\t\t\t>\n\t\t\t\t\t<span class=\"overlay\"><\/span>\n\t\t\t\t<\/a>\n\t\t\t\t\t<\/div>\n\t\t<h3 class=\"sow-carousel-item-title\">\n\t\t\t<a\n\t\t\t\thref=\"https:\/\/intermarbr.com.br\/en\/2021\/10\/20\/o-que-e-um-rebocador-2\/\"\n\t\t\t\tid=\"sow-carousel-id-1916\"\n\t\t\t\t\t\t\t\ttabindex=\"-1\"\n\t\t\t>\n\n\t\t\t\tWhat is a tugboat?\t\t\t<\/a>\n\t\t<\/h3>\n\t<\/div>\n\t\t<div class=\"sow-carousel-item\" tabindex=\"-1\" style=\"float: left;\">\n\t\t<div class=\"sow-carousel-thumbnail\">\n\t\t\t\t\t\t\t<a\n\t\t\t\t\thref=\"https:\/\/intermarbr.com.br\/en\/2021\/09\/23\/o-que-e-um-navio-sonda\/\"\n\t\t\t\t\t\t\t\t\t\tstyle=\"background-image: url( https:\/\/intermarbr.com.br\/wp-content\/uploads\/2021\/09\/blog-3-300x200.jpg )\"\n\t\t\t\t\taria-labelledby=\"sow-carousel-id-772\"\n\t\t\t\t\ttabindex=\"-1\"\n\t\t\t\t>\n\t\t\t\t\t<span class=\"overlay\"><\/span>\n\t\t\t\t<\/a>\n\t\t\t\t\t<\/div>\n\t\t<h3 class=\"sow-carousel-item-title\">\n\t\t\t<a\n\t\t\t\thref=\"https:\/\/intermarbr.com.br\/en\/2021\/09\/23\/o-que-e-um-navio-sonda\/\"\n\t\t\t\tid=\"sow-carousel-id-772\"\n\t\t\t\t\t\t\t\ttabindex=\"-1\"\n\t\t\t>\n\n\t\t\t\tWhat is a drillship?\t\t\t<\/a>\n\t\t<\/h3>\n\t<\/div>\n\t\t<div class=\"sow-carousel-item\" tabindex=\"-1\" style=\"float: left;\">\n\t\t<div class=\"sow-carousel-thumbnail\">\n\t\t\t\t\t\t\t<a\n\t\t\t\t\thref=\"https:\/\/intermarbr.com.br\/en\/2021\/09\/23\/o-que-e-servico-de-apoio-maritimo\/\"\n\t\t\t\t\t\t\t\t\t\tstyle=\"background-image: url( https:\/\/intermarbr.com.br\/wp-content\/uploads\/2021\/09\/a39e5070-50c1-4bac-b25d-df4feb567d60-300x225.jpg )\"\n\t\t\t\t\taria-labelledby=\"sow-carousel-id-769\"\n\t\t\t\t\ttabindex=\"-1\"\n\t\t\t\t>\n\t\t\t\t\t<span class=\"overlay\"><\/span>\n\t\t\t\t<\/a>\n\t\t\t\t\t<\/div>\n\t\t<h3 class=\"sow-carousel-item-title\">\n\t\t\t<a\n\t\t\t\thref=\"https:\/\/intermarbr.com.br\/en\/2021\/09\/23\/o-que-e-servico-de-apoio-maritimo\/\"\n\t\t\t\tid=\"sow-carousel-id-769\"\n\t\t\t\t\t\t\t\ttabindex=\"-1\"\n\t\t\t>\n\n\t\t\t\tWhat is the maritime support service?\t\t\t<\/a>\n\t\t<\/h3>\n\t<\/div>\n\t\t<div class=\"sow-carousel-item\" tabindex=\"-1\" style=\"float: left;\">\n\t\t<div class=\"sow-carousel-thumbnail\">\n\t\t\t\t\t\t\t<a\n\t\t\t\t\thref=\"https:\/\/intermarbr.com.br\/en\/2021\/09\/23\/o-que-sao-embarcacoes-offshore\/\"\n\t\t\t\t\t\t\t\t\t\tstyle=\"background-image: url( https:\/\/intermarbr.com.br\/wp-content\/uploads\/2017\/01\/blog-1-1-300x200.jpg )\"\n\t\t\t\t\taria-labelledby=\"sow-carousel-id-767\"\n\t\t\t\t\ttabindex=\"-1\"\n\t\t\t\t>\n\t\t\t\t\t<span class=\"overlay\"><\/span>\n\t\t\t\t<\/a>\n\t\t\t\t\t<\/div>\n\t\t<h3 class=\"sow-carousel-item-title\">\n\t\t\t<a\n\t\t\t\thref=\"https:\/\/intermarbr.com.br\/en\/2021\/09\/23\/o-que-sao-embarcacoes-offshore\/\"\n\t\t\t\tid=\"sow-carousel-id-767\"\n\t\t\t\t\t\t\t\ttabindex=\"-1\"\n\t\t\t>\n\n\t\t\t\tWhat are offshore support vessels\t\t\t<\/a>\n\t\t<\/h3>\n\t<\/div>\n\t\t\t<\/div>\n\t\t\t<\/div>\n\n\t<\/div>\n\t\t<input type=\"hidden\" name=\"instance_hash\" value=\"40bba718\"\/>\n\t<\/div>\n<\/div><\/div><\/div><\/div><\/div>","protected":false},"excerpt":{"rendered":"<p>O que \u00e9 um plano de carga? O que \u00e9 um navio mercante? O que \u00e9 um navio cargueiro? O [&hellip;]<\/p>\n","protected":false},"author":1,"featured_media":0,"parent":0,"menu_order":0,"comment_status":"closed","ping_status":"closed","template":"page-templates\/full-width.php","meta":{"footnotes":""},"class_list":["post-1273","page","type-page","status-publish","hentry"],"yoast_head":"<!-- This site is optimized with the Yoast SEO plugin v27.4 - https:\/\/yoast.com\/product\/yoast-seo-wordpress\/ -->\n<title>BLOG - Intermar<\/title>\n<meta name=\"robots\" content=\"index, follow, max-snippet:-1, max-image-preview:large, max-video-preview:-1\" \/>\n<link rel=\"canonical\" href=\"https:\/\/intermarbr.com.br\/en\/blog\/\" \/>\n<meta property=\"og:locale\" content=\"en_US\" \/>\n<meta property=\"og:type\" content=\"article\" \/>\n<meta property=\"og:title\" content=\"BLOG - Intermar\" \/>\n<meta property=\"og:description\" content=\"O que \u00e9 um plano de carga? O que \u00e9 um navio mercante? O que \u00e9 um navio cargueiro? O [&hellip;]\" \/>\n<meta property=\"og:url\" content=\"https:\/\/intermarbr.com.br\/en\/blog\/\" \/>\n<meta property=\"og:site_name\" content=\"Intermar\" \/>\n<meta property=\"article:modified_time\" content=\"2021-10-14T19:00:14+00:00\" \/>\n<meta name=\"twitter:card\" content=\"summary_large_image\" \/>\n<script type=\"application\/ld+json\" class=\"yoast-schema-graph\">{\"@context\":\"https:\\\/\\\/schema.org\",\"@graph\":[{\"@type\":\"WebPage\",\"@id\":\"https:\\\/\\\/intermarbr.com.br\\\/blog\\\/\",\"url\":\"https:\\\/\\\/intermarbr.com.br\\\/blog\\\/\",\"name\":\"BLOG - Intermar\",\"isPartOf\":{\"@id\":\"https:\\\/\\\/intermarbr.com.br\\\/#website\"},\"datePublished\":\"2021-10-14T18:57:13+00:00\",\"dateModified\":\"2021-10-14T19:00:14+00:00\",\"breadcrumb\":{\"@id\":\"https:\\\/\\\/intermarbr.com.br\\\/blog\\\/#breadcrumb\"},\"inLanguage\":\"en-US\",\"potentialAction\":[{\"@type\":\"ReadAction\",\"target\":[\"https:\\\/\\\/intermarbr.com.br\\\/blog\\\/\"]}]},{\"@type\":\"BreadcrumbList\",\"@id\":\"https:\\\/\\\/intermarbr.com.br\\\/blog\\\/#breadcrumb\",\"itemListElement\":[{\"@type\":\"ListItem\",\"position\":1,\"name\":\"In\u00edcio\",\"item\":\"https:\\\/\\\/intermarbr.com.br\\\/\"},{\"@type\":\"ListItem\",\"position\":2,\"name\":\"BLOG\"}]},{\"@type\":\"WebSite\",\"@id\":\"https:\\\/\\\/intermarbr.com.br\\\/#website\",\"url\":\"https:\\\/\\\/intermarbr.com.br\\\/\",\"name\":\"Intermar\",\"description\":\"Navega\u00e7\u00e3o comercial e offshore.\",\"publisher\":{\"@id\":\"https:\\\/\\\/intermarbr.com.br\\\/#organization\"},\"potentialAction\":[{\"@type\":\"SearchAction\",\"target\":{\"@type\":\"EntryPoint\",\"urlTemplate\":\"https:\\\/\\\/intermarbr.com.br\\\/?s={search_term_string}\"},\"query-input\":{\"@type\":\"PropertyValueSpecification\",\"valueRequired\":true,\"valueName\":\"search_term_string\"}}],\"inLanguage\":\"en-US\"},{\"@type\":\"Organization\",\"@id\":\"https:\\\/\\\/intermarbr.com.br\\\/#organization\",\"name\":\"IntermarBr\",\"url\":\"https:\\\/\\\/intermarbr.com.br\\\/\",\"logo\":{\"@type\":\"ImageObject\",\"inLanguage\":\"en-US\",\"@id\":\"https:\\\/\\\/intermarbr.com.br\\\/#\\\/schema\\\/logo\\\/image\\\/\",\"url\":\"https:\\\/\\\/intermarbr.com.br\\\/wp-content\\\/uploads\\\/2021\\\/11\\\/logoteam.png\",\"contentUrl\":\"https:\\\/\\\/intermarbr.com.br\\\/wp-content\\\/uploads\\\/2021\\\/11\\\/logoteam.png\",\"width\":373,\"height\":320,\"caption\":\"IntermarBr\"},\"image\":{\"@id\":\"https:\\\/\\\/intermarbr.com.br\\\/#\\\/schema\\\/logo\\\/image\\\/\"}}]}<\/script>\n<!-- \/ Yoast SEO plugin. -->","yoast_head_json":{"title":"BLOG - Intermar","robots":{"index":"index","follow":"follow","max-snippet":"max-snippet:-1","max-image-preview":"max-image-preview:large","max-video-preview":"max-video-preview:-1"},"canonical":"https:\/\/intermarbr.com.br\/en\/blog\/","og_locale":"en_US","og_type":"article","og_title":"BLOG - Intermar","og_description":"O que \u00e9 um plano de carga? O que \u00e9 um navio mercante? O que \u00e9 um navio cargueiro? O [&hellip;]","og_url":"https:\/\/intermarbr.com.br\/en\/blog\/","og_site_name":"Intermar","article_modified_time":"2021-10-14T19:00:14+00:00","twitter_card":"summary_large_image","schema":{"@context":"https:\/\/schema.org","@graph":[{"@type":"WebPage","@id":"https:\/\/intermarbr.com.br\/blog\/","url":"https:\/\/intermarbr.com.br\/blog\/","name":"BLOG - Intermar","isPartOf":{"@id":"https:\/\/intermarbr.com.br\/#website"},"datePublished":"2021-10-14T18:57:13+00:00","dateModified":"2021-10-14T19:00:14+00:00","breadcrumb":{"@id":"https:\/\/intermarbr.com.br\/blog\/#breadcrumb"},"inLanguage":"en-US","potentialAction":[{"@type":"ReadAction","target":["https:\/\/intermarbr.com.br\/blog\/"]}]},{"@type":"BreadcrumbList","@id":"https:\/\/intermarbr.com.br\/blog\/#breadcrumb","itemListElement":[{"@type":"ListItem","position":1,"name":"In\u00edcio","item":"https:\/\/intermarbr.com.br\/"},{"@type":"ListItem","position":2,"name":"BLOG"}]},{"@type":"WebSite","@id":"https:\/\/intermarbr.com.br\/#website","url":"https:\/\/intermarbr.com.br\/","name":"Intermar","description":"Navega\u00e7\u00e3o comercial e offshore.","publisher":{"@id":"https:\/\/intermarbr.com.br\/#organization"},"potentialAction":[{"@type":"SearchAction","target":{"@type":"EntryPoint","urlTemplate":"https:\/\/intermarbr.com.br\/?s={search_term_string}"},"query-input":{"@type":"PropertyValueSpecification","valueRequired":true,"valueName":"search_term_string"}}],"inLanguage":"en-US"},{"@type":"Organization","@id":"https:\/\/intermarbr.com.br\/#organization","name":"IntermarBr","url":"https:\/\/intermarbr.com.br\/","logo":{"@type":"ImageObject","inLanguage":"en-US","@id":"https:\/\/intermarbr.com.br\/#\/schema\/logo\/image\/","url":"https:\/\/intermarbr.com.br\/wp-content\/uploads\/2021\/11\/logoteam.png","contentUrl":"https:\/\/intermarbr.com.br\/wp-content\/uploads\/2021\/11\/logoteam.png","width":373,"height":320,"caption":"IntermarBr"},"image":{"@id":"https:\/\/intermarbr.com.br\/#\/schema\/logo\/image\/"}}]}},"_links":{"self":[{"href":"https:\/\/intermarbr.com.br\/en\/wp-json\/wp\/v2\/pages\/1273","targetHints":{"allow":["GET"]}}],"collection":[{"href":"https:\/\/intermarbr.com.br\/en\/wp-json\/wp\/v2\/pages"}],"about":[{"href":"https:\/\/intermarbr.com.br\/en\/wp-json\/wp\/v2\/types\/page"}],"author":[{"embeddable":true,"href":"https:\/\/intermarbr.com.br\/en\/wp-json\/wp\/v2\/users\/1"}],"replies":[{"embeddable":true,"href":"https:\/\/intermarbr.com.br\/en\/wp-json\/wp\/v2\/comments?post=1273"}],"version-history":[{"count":7,"href":"https:\/\/intermarbr.com.br\/en\/wp-json\/wp\/v2\/pages\/1273\/revisions"}],"predecessor-version":[{"id":1281,"href":"https:\/\/intermarbr.com.br\/en\/wp-json\/wp\/v2\/pages\/1273\/revisions\/1281"}],"wp:attachment":[{"href":"https:\/\/intermarbr.com.br\/en\/wp-json\/wp\/v2\/media?parent=1273"}],"curies":[{"name":"wp","href":"https:\/\/api.w.org\/{rel}","templated":true}]}}